{"id":254,"date":"2025-04-28T12:08:56","date_gmt":"2025-04-28T12:08:56","guid":{"rendered":"https:\/\/grupp01.kreativ-kod.se\/?page_id=254"},"modified":"2025-05-05T11:26:38","modified_gmt":"2025-05-05T11:26:38","slug":"gravidyoga","status":"publish","type":"page","link":"https:\/\/person35.kreativ-kod.se\/index.php\/gravidyoga\/","title":{"rendered":"GravidYoga"},"content":{"rendered":"\n<p>     <\/p>\n\n\n\n<div class=\"wp-block-media-text has-media-on-the-right is-stacked-on-mobile\" style=\"grid-template-columns:auto 44%\"><div class=\"wp-block-media-text__content\">\n<p><strong><em>Gravidyoga <\/em><\/strong>\u00e4r en yoga typ anpassad f\u00f6r att m\u00f6ta behoven hos gravida kvinnor. Denna yogaform fokuserar p\u00e5 att st\u00e4rka kroppen, \u00f6ka flexibelt och fr\u00e4mja mental avslappning, vilket oftast kan vara extra v\u00e4rdefullt under en graviditet. H\u00e4r anpassas traditionella yogast\u00e4llningar s\u00e5 att det passar en gravid kvinna och d\u00e4rmed kan hon forts\u00e4tta sin yogatr\u00e4ning under hela sin graviditet.<\/p>\n\n\n\n<p>De stora f\u00f6rdelarna med gravidyoga \u00e4r att den hj\u00e4lper till att lindra vanliga graviditetsbesv\u00e4r s\u00e5som ryggsm\u00e4rtor, illam\u00e5ende och svullnad. De lugnande andningsteknikerna som l\u00e4rs ut under gravidyogan kan ocks\u00e5 vara en stor hj\u00e4lp sedan under sj\u00e4lva f\u00f6rlossningen. Pricken \u00f6ver i \u00e4r att man f\u00e5r m\u00f6jlighet att komma i kontakt med sin kropp och k\u00e4nna sig sj\u00e4lv, sin kropp och sitt sinne. Dessutom komma i kontakt med sitt v\u00e4xande barn och st\u00e4rka bandet mellan dem.<\/p>\n\n\n\n<p>F\u00f6rutom de fysiska f\u00f6rdelarna kan man finna en k\u00e4nsla av gemenskap och st\u00f6d i gravidyoga. Genom att delta i gravidyoga klasser kan blivande mammor tr\u00e4ffa andra kvinnor som g\u00e5r igenom liknande situationer. Det kan skapa en v\u00e4rdefull m\u00f6jlighet att dela erfarenheter, st\u00e4lla fr\u00e5gor och ge\/f\u00e5 st\u00f6d av varandra. Gravidyoga \u00e4r ett s\u00e4tt att st\u00f6dja b\u00e5de den fysiska och mentala h\u00e4lsan under graviditeten.<\/p>\n<\/div><figure class=\"wp-block-media-text__media\"><img fetchpriority=\"high\" decoding=\"async\" width=\"1024\" height=\"681\" src=\"https:\/\/person35.kreativ-kod.se\/wp-content\/uploads\/2025\/04\/YogaPreggo-1024x681.jpg\" alt=\"\" class=\"wp-image-299 size-full\" srcset=\"https:\/\/person35.kreativ-kod.se\/wp-content\/uploads\/2025\/04\/YogaPreggo-1024x681.jpg 1024w, https:\/\/person35.kreativ-kod.se\/wp-content\/uploads\/2025\/04\/YogaPreggo-300x200.jpg 300w, https:\/\/person35.kreativ-kod.se\/wp-content\/uploads\/2025\/04\/YogaPreggo-2000x1330.jpg 2000w\" sizes=\"(max-width: 1024px) 100vw, 1024px\" \/><\/figure><\/div>\n\n\n<style>.wp-block-kadence-spacer.kt-block-spacer-254_39829c-43 .kt-block-spacer{height:80px;}.wp-block-kadence-spacer.kt-block-spacer-254_39829c-43 .kt-divider{border-top-width:1px;height:1px;border-top-color:#eee;width:80%;border-top-style:solid;}<\/style>\n<div class=\"wp-block-kadence-spacer aligncenter kt-block-spacer-254_39829c-43\"><div class=\"kt-block-spacer kt-block-spacer-halign-center\"><hr class=\"kt-divider\"\/><\/div><\/div>\n\n\n\n<div class=\"wp-block-media-text is-stacked-on-mobile\"><figure class=\"wp-block-media-text__media\"><img decoding=\"async\" width=\"612\" height=\"408\" src=\"https:\/\/person35.kreativ-kod.se\/wp-content\/uploads\/2025\/05\/istockphoto-1930846158-612x612-1.jpg\" alt=\"\" class=\"wp-image-351 size-full\" srcset=\"https:\/\/person35.kreativ-kod.se\/wp-content\/uploads\/2025\/05\/istockphoto-1930846158-612x612-1.jpg 612w, https:\/\/person35.kreativ-kod.se\/wp-content\/uploads\/2025\/05\/istockphoto-1930846158-612x612-1-300x200.jpg 300w\" sizes=\"(max-width: 612px) 100vw, 612px\" \/><\/figure><div class=\"wp-block-media-text__content\">\n<p><strong><em>Befintliga kurser i GravidYoga \u00e4r:<\/em><\/strong><\/p>\n\n\n\n<ul class=\"wp-block-list\">\n<li>M\u00e5ndagar: 11.00<\/li>\n\n\n\n<li>Tisdagar: 11.00 samt 19.00<\/li>\n\n\n\n<li>Onsdagar 11.00<\/li>\n\n\n\n<li>Torsdagar: 11.00 samt 17.00<\/li>\n\n\n\n<li>Fredagar: 10.00 samt 15.00<\/li>\n\n\n\n<li>L\u00f6rdagar 11.00<\/li>\n<\/ul>\n\n\n\n<p>Samtliga kurser p\u00e5g\u00e5r i 50 minuter. Yoga mattor finns att l\u00e5na, men ta g\u00e4rna med egen vid kontinuerlig tr\u00e4ning. Kom g\u00e4rna n\u00e5gra minuter innan s\u00e5 du hinner f\u00f6rbereda din plats<\/p>\n<\/div><\/div>\n\n\n<style>.wp-block-kadence-spacer.kt-block-spacer-254_c86561-f3 .kt-block-spacer{height:114px;}.wp-block-kadence-spacer.kt-block-spacer-254_c86561-f3 .kt-divider{border-top-width:1px;height:1px;border-top-color:#eee;width:80%;border-top-style:solid;}<\/style>\n<div class=\"wp-block-kadence-spacer aligncenter kt-block-spacer-254_c86561-f3\"><div class=\"kt-block-spacer kt-block-spacer-halign-center\"><hr class=\"kt-divider\"\/><\/div><\/div>\n","protected":false},"excerpt":{"rendered":"<p>Gravidyoga \u00e4r en yoga typ anpassad f\u00f6r att m\u00f6ta behoven hos gravida kvinnor. Denna yogaform fokuserar p\u00e5 att st\u00e4rka kroppen, \u00f6ka flexibelt och fr\u00e4mja mental avslappning, vilket oftast kan vara extra v\u00e4rdefullt under en graviditet. H\u00e4r anpassas traditionella yogast\u00e4llningar s\u00e5 att det passar en gravid kvinna och d\u00e4rmed kan hon forts\u00e4tta sin yogatr\u00e4ning under hela sin graviditet. De stora f\u00f6rdelarna med gravidyoga \u00e4r att den hj\u00e4lper till att lindra vanliga graviditetsbesv\u00e4r s\u00e5som ryggsm\u00e4rtor, illam\u00e5ende och svullnad. De lugnande andningsteknikerna som l\u00e4rs ut under gravidyogan kan ocks\u00e5 vara en stor hj\u00e4lp sedan under sj\u00e4lva f\u00f6rlossningen. Pricken \u00f6ver i \u00e4r att man f\u00e5r m\u00f6jlighet att komma i kontakt med sin kropp och k\u00e4nna sig sj\u00e4lv, sin kropp och sitt sinne. Dessutom komma i kontakt med sitt v\u00e4xande barn och st\u00e4rka bandet mellan dem. F\u00f6rutom de fysiska f\u00f6rdelarna kan man finna en k\u00e4nsla av gemenskap och st\u00f6d i gravidyoga. Genom att delta i gravidyoga klasser kan blivande mammor tr\u00e4ffa andra kvinnor som g\u00e5r igenom liknande situationer. Det kan skapa en v\u00e4rdefull m\u00f6jlighet att dela erfarenheter, st\u00e4lla fr\u00e5gor och ge\/f\u00e5 st\u00f6d av varandra. Gravidyoga \u00e4r ett s\u00e4tt att st\u00f6dja b\u00e5de den fysiska och mentala h\u00e4lsan under graviditeten.<\/p>\n","protected":false},"author":4,"featured_media":0,"parent":0,"menu_order":0,"comment_status":"closed","ping_status":"closed","template":"","meta":{"footnotes":""},"class_list":["post-254","page","type-page","status-publish","hentry"],"_links":{"self":[{"href":"https:\/\/person35.kreativ-kod.se\/index.php\/wp-json\/wp\/v2\/pages\/254","targetHints":{"allow":["GET"]}}],"collection":[{"href":"https:\/\/person35.kreativ-kod.se\/index.php\/wp-json\/wp\/v2\/pages"}],"about":[{"href":"https:\/\/person35.kreativ-kod.se\/index.php\/wp-json\/wp\/v2\/types\/page"}],"author":[{"embeddable":true,"href":"https:\/\/person35.kreativ-kod.se\/index.php\/wp-json\/wp\/v2\/users\/4"}],"replies":[{"embeddable":true,"href":"https:\/\/person35.kreativ-kod.se\/index.php\/wp-json\/wp\/v2\/comments?post=254"}],"version-history":[{"count":9,"href":"https:\/\/person35.kreativ-kod.se\/index.php\/wp-json\/wp\/v2\/pages\/254\/revisions"}],"predecessor-version":[{"id":354,"href":"https:\/\/person35.kreativ-kod.se\/index.php\/wp-json\/wp\/v2\/pages\/254\/revisions\/354"}],"wp:attachment":[{"href":"https:\/\/person35.kreativ-kod.se\/index.php\/wp-json\/wp\/v2\/media?parent=254"}],"curies":[{"name":"wp","href":"https:\/\/api.w.org\/{rel}","templated":true}]}}