{"id":242,"date":"2025-04-28T11:58:15","date_gmt":"2025-04-28T11:58:15","guid":{"rendered":"https:\/\/grupp01.kreativ-kod.se\/?page_id=242"},"modified":"2025-05-05T11:31:48","modified_gmt":"2025-05-05T11:31:48","slug":"kontakt","status":"publish","type":"page","link":"https:\/\/person35.kreativ-kod.se\/index.php\/kontakt\/","title":{"rendered":"Kontakt"},"content":{"rendered":"\n<div class=\"wp-block-group alignfull has-global-padding is-layout-constrained wp-container-core-group-is-layout-19e250f3 wp-block-group-is-layout-constrained\">\n<div class=\"wp-block-columns alignfull are-vertically-aligned-center has-light-background-background-color has-background is-layout-flex wp-container-core-columns-is-layout-dd282781 wp-block-columns-is-layout-flex\" style=\"padding-top:0;padding-right:0;padding-bottom:0;padding-left:0\">\n<div class=\"wp-block-column is-vertically-aligned-center map-grayscale is-layout-flow wp-block-column-is-layout-flow\" style=\"flex-basis:50%\">\n<figure class=\"wp-block-image size-full is-resized\"><img fetchpriority=\"high\" decoding=\"async\" width=\"500\" height=\"500\" src=\"https:\/\/person35.kreativ-kod.se\/wp-content\/uploads\/2025\/04\/MerakiNea-1.png\" alt=\"\" class=\"wp-image-285\" style=\"width:305px;height:auto\" srcset=\"https:\/\/person35.kreativ-kod.se\/wp-content\/uploads\/2025\/04\/MerakiNea-1.png 500w, https:\/\/person35.kreativ-kod.se\/wp-content\/uploads\/2025\/04\/MerakiNea-1-300x300.png 300w, https:\/\/person35.kreativ-kod.se\/wp-content\/uploads\/2025\/04\/MerakiNea-1-150x150.png 150w\" sizes=\"(max-width: 500px) 100vw, 500px\" \/><\/figure>\n<\/div>\n\n\n\n<div class=\"wp-block-column is-layout-flow wp-block-column-is-layout-flow\"><\/div>\n\n\n\n<div class=\"wp-block-column is-layout-flow wp-block-column-is-layout-flow\"><\/div>\n\n\n\n<div class=\"wp-block-column is-vertically-aligned-center is-layout-flow wp-block-column-is-layout-flow\" style=\"padding-top:var(--wp--preset--spacing--small);padding-right:var(--wp--preset--spacing--small);padding-bottom:var(--wp--preset--spacing--small);padding-left:2%;flex-basis:50%\">\n<h3 class=\"wp-block-heading has-large-font-size\"><mark style=\"background-color:rgba(0, 0, 0, 0)\" class=\"has-inline-color has-primary-color\">Kontakta Oss P\u00e5:<\/mark><\/h3>\n\n\n\n<p><strong>Mail<\/strong>: MerakiNea@hotmail.com<\/p>\n\n\n\n<p><strong>Telefon<\/strong>: 070-1234567<\/p>\n\n\n\n<p><strong>Address<\/strong>: Bl\u00e5 Havsstigen 71<\/p>\n\n\n\n<h3 class=\"wp-block-heading\">Eller anv\u00e4nd v\u00e5rt kontakt formul\u00e4r h\u00e4r nedanf\u00f6r!<\/h3>\n<\/div>\n<\/div>\n<\/div>\n\n\n\n<div class=\"wp-block-group has-global-padding is-layout-constrained wp-block-group-is-layout-constrained\">\n<div style=\"height:33px\" aria-hidden=\"true\" class=\"wp-block-spacer\"><\/div>\n\n\n\n<div class=\"wp-block-columns are-vertically-aligned-center is-layout-flex wp-container-core-columns-is-layout-4ed999c3 wp-block-columns-is-layout-flex\" style=\"padding-top:var(--wp--preset--spacing--60);padding-bottom:var(--wp--preset--spacing--60);padding-left:0\">\n<div class=\"wp-block-column is-vertically-aligned-center has-global-padding is-content-justification-left is-layout-constrained wp-container-core-column-is-layout-12dd3699 wp-block-column-is-layout-constrained\" style=\"flex-basis:66.66%\">\n<h2 class=\"wp-block-heading\">Kontakta Oss<\/h2>\n\n\n<style>.kb-form input.kadence-blocks-field.verify{opacity:0.0;position:absolute;top:0.0;left:0.0;width:0.0;height:0.0;z-index:-1;}<\/style>\n<div class=\"wp-block-kadence-form kadence-form-242_3acf91-f6 kb-form-wrap\"><form class=\"kb-form\" action=\"\" method=\"post\"><div class=\"kadence-blocks-form-field kb-field-desk-width-100 kb-input-size-standard\"><label for=\"kb_field_242_3acf91-f6_0\">Name<\/label><input name=\"kb_field_0\" id=\"kb_field_242_3acf91-f6_0\" data-label=\"Name\" type=\"text\" placeholder=\"\" value=\"\" data-type=\"text\" class=\"kb-field kb-text-style-field kb-text-field kb-field-0\"\/><\/div><div class=\"kadence-blocks-form-field kb-form-field-1 kb-field-desk-width-100 kb-input-size-standard\"><label for=\"kb_field_242_3acf91-f6_1\">Email<span class=\"required\">*<\/span><\/label><input name=\"kb_field_1\" id=\"kb_field_242_3acf91-f6_1\" data-label=\"Email\" type=\"email\" placeholder=\"\" value=\"\" data-type=\"email\" class=\"kb-field kb-text-style-field kb-email-field kb-field-1\" data-required=\"yes\"\/><\/div><div class=\"kadence-blocks-form-field kb-form-field-2 kb-field-desk-width-100 kb-input-size-standard\"><label for=\"kb_field_242_3acf91-f6_2\">Message<span class=\"required\">*<\/span><\/label><textarea name=\"kb_field_2\" id=\"kb_field_242_3acf91-f6_2\" data-label=\"Message\" type=\"textarea\" placeholder=\"\" data-type=\"textarea\" class=\"kb-field kb-text-style-field kb-textarea-field kb-field-2\" rows=\"4\" data-required=\"yes\"><\/textarea><\/div><input type=\"hidden\" name=\"_kb_form_id\" value=\"242_3acf91-f6\"\/><input type=\"hidden\" name=\"_kb_form_post_id\" value=\"242\"\/><input type=\"hidden\" name=\"action\" value=\"kb_process_ajax_submit\"\/><input class=\"kadence-blocks-field verify\" type=\"text\" name=\"_kb_verify_email\" autocomplete=\"new-password\" aria-hidden=\"true\" placeholder=\"Email\" tabindex=\"-1\" data-1p-ignore=\"true\" data-lpignore=\"true\" \/><div class=\"kadence-blocks-form-field kb-submit-field kb-field-desk-width-100\"><button class=\"kb-forms-submit button kb-button-size-standard kb-button-width-auto\">Skicka<\/button><\/div><\/form><\/div>\n<noscript><div class=\"kadence-blocks-form-message kadence-blocks-form-warning\">Please enable JavaScript in your browser to submit the form<\/div><style>.kadence-form-242_3acf91-f6 .kadence-blocks-form-field.kb-submit-field { display: none; }<\/style><\/noscript><\/div>\n\n\n\n<div class=\"wp-block-column is-vertically-aligned-center is-layout-flow wp-block-column-is-layout-flow\" style=\"flex-basis:33.33%\"><\/div>\n<\/div>\n\n\n\n<div style=\"height:197px\" aria-hidden=\"true\" class=\"wp-block-spacer\"><\/div>\n<\/div>\n","protected":false},"excerpt":{"rendered":"<p>Kontakta Oss P\u00e5: Mail: MerakiNea@hotmail.com Telefon: 070-1234567 Address: Bl\u00e5 Havsstigen 71 Eller anv\u00e4nd v\u00e5rt kontakt formul\u00e4r h\u00e4r nedanf\u00f6r! Kontakta Oss<\/p>\n","protected":false},"author":4,"featured_media":0,"parent":0,"menu_order":0,"comment_status":"closed","ping_status":"closed","template":"","meta":{"footnotes":""},"class_list":["post-242","page","type-page","status-publish","hentry"],"_links":{"self":[{"href":"https:\/\/person35.kreativ-kod.se\/index.php\/wp-json\/wp\/v2\/pages\/242","targetHints":{"allow":["GET"]}}],"collection":[{"href":"https:\/\/person35.kreativ-kod.se\/index.php\/wp-json\/wp\/v2\/pages"}],"about":[{"href":"https:\/\/person35.kreativ-kod.se\/index.php\/wp-json\/wp\/v2\/types\/page"}],"author":[{"embeddable":true,"href":"https:\/\/person35.kreativ-kod.se\/index.php\/wp-json\/wp\/v2\/users\/4"}],"replies":[{"embeddable":true,"href":"https:\/\/person35.kreativ-kod.se\/index.php\/wp-json\/wp\/v2\/comments?post=242"}],"version-history":[{"count":7,"href":"https:\/\/person35.kreativ-kod.se\/index.php\/wp-json\/wp\/v2\/pages\/242\/revisions"}],"predecessor-version":[{"id":434,"href":"https:\/\/person35.kreativ-kod.se\/index.php\/wp-json\/wp\/v2\/pages\/242\/revisions\/434"}],"wp:attachment":[{"href":"https:\/\/person35.kreativ-kod.se\/index.php\/wp-json\/wp\/v2\/media?parent=242"}],"curies":[{"name":"wp","href":"https:\/\/api.w.org\/{rel}","templated":true}]}}