{"id":144,"date":"2025-04-28T14:23:19","date_gmt":"2025-04-28T14:23:19","guid":{"rendered":"https:\/\/grupp01.kreativ-kod.se\/?page_id=144"},"modified":"2025-05-05T17:11:55","modified_gmt":"2025-05-05T17:11:55","slug":"om-oss","status":"publish","type":"page","link":"https:\/\/person35.kreativ-kod.se\/index.php\/om-oss\/","title":{"rendered":"Om Oss"},"content":{"rendered":"\n<div class=\"wp-block-group has-global-padding is-layout-constrained wp-block-group-is-layout-constrained\">\n<div class=\"wp-block-group is-layout-flow wp-block-group-is-layout-flow\">\n<div style=\"height:63px\" aria-hidden=\"true\" class=\"wp-block-spacer\"><\/div>\n\n\n\n<div class=\"wp-block-media-text has-media-on-the-right is-stacked-on-mobile\" style=\"grid-template-columns:auto 37%\"><div class=\"wp-block-media-text__content\">\n<p><strong><em>MerakiN\u00e9a <\/em><\/strong>grundades av tv\u00e5 v\u00e4nninor som tidigare arbetat tillsammans p\u00e5 ett gym i Norrk\u00f6ping och efter mycket om och men s\u00e5 best\u00e4mde vi oss f\u00f6r att \u00f6ppna en egen YogaStudio tillsammans! Vi som grundade MerakiN\u00e9a heter Alexsandra och Tilda, och \u00e4r b\u00e5da utbildade till Yoga instrukt\u00f6rer i grunden och inom personlig tr\u00e4ning men med olika inriktning. Vihar bedrivit kurser och utbildningar inom yoga och tr\u00e4ning i m\u00e5nga \u00e5r och idag har MerakiN\u00e9a &#8211; YogaStudio varit en aktiv verksamhet i \u00f6ver 5 \u00e5r, inne i Norrk\u00f6pings city.<\/p>\n\n\n\n<p>Idag har f\u00f6retaget vuxit och bland annat etablerat sig med fler kollegor, Thea och Jessika som ocks\u00e5 \u00e4r instrukt\u00f6rer b\u00e5de inom online kurser och gravid yoga.<\/p>\n\n\n\n<p>Vi p\u00e5 merakiN\u00e9a erbjuder lugn, h\u00e4lsa och gemenskap. Vi har en bred variation av yogastilar, inklusive dynamisk poweryoga, lugnande yinyoga och st\u00e4rkande gravidyoga. V\u00e5ra erfarna och engagerade instrukt\u00f6rer guidar dig genom varje pass med fokus p\u00e5 teknik, n\u00e4rvaro och personlig anpassning. Oavsett om du beh\u00f6ver yoga f\u00f6r nyb\u00f6rjare eller yoga f\u00f6r avancerade finns det en plats f\u00f6r dig hos oss.<\/p>\n<\/div><figure class=\"wp-block-media-text__media\"><img fetchpriority=\"high\" decoding=\"async\" width=\"500\" height=\"500\" src=\"https:\/\/person35.kreativ-kod.se\/wp-content\/uploads\/2025\/04\/MerakiNea-1.png\" alt=\"\" class=\"wp-image-285 size-full\" srcset=\"https:\/\/person35.kreativ-kod.se\/wp-content\/uploads\/2025\/04\/MerakiNea-1.png 500w, https:\/\/person35.kreativ-kod.se\/wp-content\/uploads\/2025\/04\/MerakiNea-1-300x300.png 300w, https:\/\/person35.kreativ-kod.se\/wp-content\/uploads\/2025\/04\/MerakiNea-1-150x150.png 150w\" sizes=\"(max-width: 500px) 100vw, 500px\" \/><\/figure><\/div>\n\n\n<style>.wp-block-kadence-spacer.kt-block-spacer-144_e2f8db-70 .kt-block-spacer{height:115px;}.wp-block-kadence-spacer.kt-block-spacer-144_e2f8db-70 .kt-divider{border-top-width:1px;height:1px;border-top-color:#eee;width:80%;border-top-style:solid;}<\/style>\n<div class=\"wp-block-kadence-spacer aligncenter kt-block-spacer-144_e2f8db-70\"><div class=\"kt-block-spacer kt-block-spacer-halign-center\"><hr class=\"kt-divider\"\/><\/div><\/div>\n\n\n\n<p class=\"has-text-color\" style=\"color:#0bb4aa\"><\/p>\n\n\n\n<h2 class=\"wp-block-heading has-large-font-size\">MerakiN\u00e9a &#8211; Team<\/h2>\n\n\n\n<div style=\"height:32px\" aria-hidden=\"true\" class=\"wp-block-spacer\"><\/div>\n\n\n\n<div style=\"height:0px\" aria-hidden=\"true\" class=\"wp-block-spacer\"><\/div>\n\n\n\n<div class=\"wp-block-columns is-layout-flex wp-container-core-columns-is-layout-28f84493 wp-block-columns-is-layout-flex\">\n<div class=\"wp-block-column is-style-default is-layout-flow wp-block-column-is-layout-flow\" style=\"border-style:none;border-width:0px;padding-top:0;padding-right:0;padding-bottom:0;padding-left:0\">\n<figure class=\"wp-block-image size-full is-resized\"><img decoding=\"async\" width=\"402\" height=\"502\" src=\"https:\/\/person35.kreativ-kod.se\/wp-content\/uploads\/2025\/05\/istockphoto-1997550375-612x612-2.jpg\" alt=\"\" class=\"wp-image-373\" style=\"width:243px;height:auto\" srcset=\"https:\/\/person35.kreativ-kod.se\/wp-content\/uploads\/2025\/05\/istockphoto-1997550375-612x612-2.jpg 402w, https:\/\/person35.kreativ-kod.se\/wp-content\/uploads\/2025\/05\/istockphoto-1997550375-612x612-2-240x300.jpg 240w\" sizes=\"(max-width: 402px) 100vw, 402px\" \/><\/figure>\n\n\n\n<h2 class=\"wp-block-heading\">Alexsandra <\/h2>\n\n\n\n<p>Grundare av MerakiN\u00e9a<\/p>\n\n\n\n<p>Utbildad Yoga instrukt\u00f6r samt personlig      tr\u00e4nare, h\u00e5ller i Yin- och Poweryoga kurser<\/p>\n\n\n\n<p><\/p>\n\n\n\n<figure class=\"wp-block-image size-full is-resized\"><img decoding=\"async\" width=\"349\" height=\"436\" src=\"https:\/\/person35.kreativ-kod.se\/wp-content\/uploads\/2025\/05\/istockphoto-1441761769-612x612-1.jpg\" alt=\"\" class=\"wp-image-378\" style=\"width:246px;height:auto\" srcset=\"https:\/\/person35.kreativ-kod.se\/wp-content\/uploads\/2025\/05\/istockphoto-1441761769-612x612-1.jpg 349w, https:\/\/person35.kreativ-kod.se\/wp-content\/uploads\/2025\/05\/istockphoto-1441761769-612x612-1-240x300.jpg 240w\" sizes=\"(max-width: 349px) 100vw, 349px\" \/><\/figure>\n\n\n\n<h2 class=\"wp-block-heading\">Jessica<\/h2>\n\n\n\n<p>Anst\u00e4lld p\u00e5 MerakiN\u00e9a<\/p>\n\n\n\n<p>Utbildad Yoga instrukt\u00f6r, h\u00e5ller i Yin- och gravidyoga kurser<\/p>\n<\/div>\n\n\n\n<div class=\"wp-block-column is-style-default is-layout-flow wp-block-column-is-layout-flow\" style=\"border-style:none;border-width:0px;padding-top:0;padding-right:0;padding-bottom:0;padding-left:0\">\n<figure class=\"wp-block-image size-full is-resized\"><img loading=\"lazy\" decoding=\"async\" width=\"326\" height=\"408\" src=\"https:\/\/person35.kreativ-kod.se\/wp-content\/uploads\/2025\/05\/istockphoto-169960996-612x612-2.jpg\" alt=\"\" class=\"wp-image-371\" style=\"width:246px;height:auto\" srcset=\"https:\/\/person35.kreativ-kod.se\/wp-content\/uploads\/2025\/05\/istockphoto-169960996-612x612-2.jpg 326w, https:\/\/person35.kreativ-kod.se\/wp-content\/uploads\/2025\/05\/istockphoto-169960996-612x612-2-240x300.jpg 240w\" sizes=\"(max-width: 326px) 100vw, 326px\" \/><\/figure>\n\n\n\n<h2 class=\"wp-block-heading\">Tilda<\/h2>\n\n\n\n<p>Grundare av MerakiN\u00e9a<\/p>\n\n\n\n<p>Utbildad Yoga instrukt\u00f6r och livscoach, h\u00e5ller i Yin- och Poweryoga kurser<\/p>\n\n\n\n<p><\/p>\n\n\n\n<figure class=\"wp-block-image size-full is-resized\"><img loading=\"lazy\" decoding=\"async\" width=\"459\" height=\"574\" src=\"https:\/\/person35.kreativ-kod.se\/wp-content\/uploads\/2025\/05\/istockphoto-546452218-612x612-1.jpg\" alt=\"\" class=\"wp-image-375\" style=\"width:242px;height:auto\" srcset=\"https:\/\/person35.kreativ-kod.se\/wp-content\/uploads\/2025\/05\/istockphoto-546452218-612x612-1.jpg 459w, https:\/\/person35.kreativ-kod.se\/wp-content\/uploads\/2025\/05\/istockphoto-546452218-612x612-1-240x300.jpg 240w\" sizes=\"(max-width: 459px) 100vw, 459px\" \/><\/figure>\n\n\n\n<h2 class=\"wp-block-heading\"><strong>Thea<\/strong><\/h2>\n\n\n\n<p>Anst\u00e4lld p\u00e5 MerakiN\u00e9a<\/p>\n\n\n\n<p>Utbildad Yoga instrukt\u00f6r, h\u00e5ller i gravidyoga kurser samt kommande Online kurser<\/p>\n<\/div>\n\n\n\n<div class=\"wp-block-column is-style-default is-layout-flow wp-block-column-is-layout-flow\" style=\"border-style:none;border-width:0px;padding-top:0;padding-right:0;padding-bottom:0;padding-left:0\">\n<p><\/p>\n<\/div>\n<\/div>\n\n\n\n<div style=\"height:100px\" aria-hidden=\"true\" class=\"wp-block-spacer\"><\/div>\n<\/div>\n<\/div>\n\n\n\n<div class=\"wp-block-cover alignfull is-light\" style=\"min-height:224px;aspect-ratio:unset;\"><img loading=\"lazy\" decoding=\"async\" width=\"2560\" height=\"1170\" class=\"wp-block-cover__image-background wp-image-161\" alt=\"\" src=\"https:\/\/person35.kreativ-kod.se\/wp-content\/uploads\/2025\/04\/poweryoga-1-scaled-e1746464640985.webp\" data-object-fit=\"cover\" srcset=\"https:\/\/person35.kreativ-kod.se\/wp-content\/uploads\/2025\/04\/poweryoga-1-scaled-e1746464640985.webp 2560w, https:\/\/person35.kreativ-kod.se\/wp-content\/uploads\/2025\/04\/poweryoga-1-scaled-e1746464640985-300x137.webp 300w, https:\/\/person35.kreativ-kod.se\/wp-content\/uploads\/2025\/04\/poweryoga-1-scaled-e1746464640985-1024x468.webp 1024w, https:\/\/person35.kreativ-kod.se\/wp-content\/uploads\/2025\/04\/poweryoga-1-scaled-e1746464640985-768x351.webp 768w, https:\/\/person35.kreativ-kod.se\/wp-content\/uploads\/2025\/04\/poweryoga-1-scaled-e1746464640985-1536x702.webp 1536w, https:\/\/person35.kreativ-kod.se\/wp-content\/uploads\/2025\/04\/poweryoga-1-scaled-e1746464640985-2048x936.webp 2048w, https:\/\/person35.kreativ-kod.se\/wp-content\/uploads\/2025\/04\/poweryoga-1-scaled-e1746464640985-2000x914.webp 2000w\" sizes=\"(max-width: 2560px) 100vw, 2560px\" \/><span aria-hidden=\"true\" class=\"wp-block-cover__background has-background-dim-20 has-background-dim\" style=\"background-color:#ccc2ba\"><\/span><div class=\"wp-block-cover__inner-container is-layout-flow wp-block-cover-is-layout-flow\">\n<p class=\"has-text-align-center has-white-color has-text-color\" style=\"font-size:clamp(37.821px, 2.364rem + ((1vw - 3.2px) * 3.352), 70px);font-style:normal;font-weight:900\"><em>MerakiN\u00e9a<\/em><\/p>\n\n\n\n<p class=\"has-text-align-center has-white-color has-text-color has-medium-font-size\" style=\"letter-spacing:1px\">Din resa till balans och v\u00e4lbefinnande b\u00f6rjar h\u00e4r!<\/p>\n<\/div><\/div>\n","protected":false},"excerpt":{"rendered":"<p>MerakiN\u00e9a grundades av tv\u00e5 v\u00e4nninor som tidigare arbetat tillsammans p\u00e5 ett gym i Norrk\u00f6ping och efter mycket om och men s\u00e5 best\u00e4mde vi oss f\u00f6r att \u00f6ppna en egen YogaStudio tillsammans! Vi som grundade MerakiN\u00e9a heter Alexsandra och Tilda, och \u00e4r b\u00e5da utbildade till Yoga instrukt\u00f6rer i grunden och inom personlig tr\u00e4ning men med olika inriktning. Vihar bedrivit kurser och utbildningar inom yoga och tr\u00e4ning i m\u00e5nga \u00e5r och idag har MerakiN\u00e9a &#8211; YogaStudio varit en aktiv verksamhet i \u00f6ver 5 \u00e5r, inne i Norrk\u00f6pings city. Idag har f\u00f6retaget vuxit och bland annat etablerat sig med fler kollegor, Thea och Jessika som ocks\u00e5 \u00e4r instrukt\u00f6rer b\u00e5de inom online kurser och gravid yoga. Vi p\u00e5 merakiN\u00e9a erbjuder lugn, h\u00e4lsa och gemenskap. Vi har en bred variation av yogastilar, inklusive dynamisk poweryoga, lugnande yinyoga och st\u00e4rkande gravidyoga. V\u00e5ra erfarna och engagerade instrukt\u00f6rer guidar dig genom varje pass med fokus p\u00e5 teknik, n\u00e4rvaro och personlig anpassning. Oavsett om du beh\u00f6ver yoga f\u00f6r nyb\u00f6rjare eller yoga f\u00f6r avancerade finns det en plats f\u00f6r dig hos oss. MerakiN\u00e9a &#8211; Team Alexsandra Grundare av MerakiN\u00e9a Utbildad Yoga instrukt\u00f6r samt personlig tr\u00e4nare, h\u00e5ller i Yin- och Poweryoga kurser Jessica Anst\u00e4lld p\u00e5 MerakiN\u00e9a Utbildad Yoga instrukt\u00f6r, h\u00e5ller i Yin- och gravidyoga kurser Tilda Grundare av MerakiN\u00e9a Utbildad Yoga instrukt\u00f6r och livscoach, h\u00e5ller i Yin- och Poweryoga kurser Thea Anst\u00e4lld p\u00e5 MerakiN\u00e9a Utbildad Yoga instrukt\u00f6r, h\u00e5ller i gravidyoga kurser samt kommande Online kurser<\/p>\n","protected":false},"author":4,"featured_media":0,"parent":0,"menu_order":0,"comment_status":"closed","ping_status":"closed","template":"","meta":{"footnotes":""},"class_list":["post-144","page","type-page","status-publish","hentry"],"_links":{"self":[{"href":"https:\/\/person35.kreativ-kod.se\/index.php\/wp-json\/wp\/v2\/pages\/144","targetHints":{"allow":["GET"]}}],"collection":[{"href":"https:\/\/person35.kreativ-kod.se\/index.php\/wp-json\/wp\/v2\/pages"}],"about":[{"href":"https:\/\/person35.kreativ-kod.se\/index.php\/wp-json\/wp\/v2\/types\/page"}],"author":[{"embeddable":true,"href":"https:\/\/person35.kreativ-kod.se\/index.php\/wp-json\/wp\/v2\/users\/4"}],"replies":[{"embeddable":true,"href":"https:\/\/person35.kreativ-kod.se\/index.php\/wp-json\/wp\/v2\/comments?post=144"}],"version-history":[{"count":24,"href":"https:\/\/person35.kreativ-kod.se\/index.php\/wp-json\/wp\/v2\/pages\/144\/revisions"}],"predecessor-version":[{"id":450,"href":"https:\/\/person35.kreativ-kod.se\/index.php\/wp-json\/wp\/v2\/pages\/144\/revisions\/450"}],"wp:attachment":[{"href":"https:\/\/person35.kreativ-kod.se\/index.php\/wp-json\/wp\/v2\/media?parent=144"}],"curies":[{"name":"wp","href":"https:\/\/api.w.org\/{rel}","templated":true}]}}